{"id":1787,"date":"2023-07-14T15:20:25","date_gmt":"2023-07-14T13:20:25","guid":{"rendered":"https:\/\/www.freundeskreis-lgs2024.de\/?page_id=1787"},"modified":"2025-05-25T08:50:35","modified_gmt":"2025-05-25T06:50:35","slug":"schoenmachen","status":"publish","type":"page","link":"https:\/\/www.freundeskreis-lgs2024.de\/index.php\/schoenmachen\/","title":{"rendered":"Sch\u00f6nmachen"},"content":{"rendered":"<style type=\"text\/css\"><\/style>\n<h2 class=\"wp-block-heading\">Bilder unserer Landesgartenschau 2024<\/h2>\n\n\n\n<p>Der Freundeskreis sammelt und pr\u00e4sentiert seit 2022 in den \u201eKirchheimer Mitteilungen\u201c sch\u00f6ne Bilder aus Kirchheim. Im letzten Jahr haben K\u00fcnstlerinnen und K\u00fcnstler einige Verteilerh\u00e4uschen im Ort zu neuem buntem Leben erweckt. Nun erweitert der Freundeskreis seine Aktion, um mehr Kunst und Buntes in unser Gemeindebild zu bringen. Weil Original-Malereien aufw\u00e4ndig und teuer sind, m\u00f6chten wir jetzt auch mit bunten Motiven auf Klebe- oder laminierten Folien und Planen Kirchheim versch\u00f6nern.<\/p>\n\n\n\n<p>Start unserer Aktion ist eine <strong>Pr\u00e4sentation von Bildern unserer Landesgartenschau 2024<\/strong> hier in Ortspark-N\u00e4he.<\/p>\n\n\n\n<p>Weitere Bilder k\u00f6nnen gerne auch <strong>Sie<\/strong> liefern! Schicken Sie uns bitte Ihre farbenfrohen Lieblingsbilder von der LGS als Email-Anhang an\u00a0 <a href=\"mailto:schoenmachen@freundeskreis-lgs2024.de\"><em>schoenmachen@freundeskreis-lgs2024.de<\/em><\/a><em>\u00a0 <\/em><br>Wir melden uns dann bei Ihnen zur Kl\u00e4rung weiterer Details (Format, Ausstellungsort u.a.) und k\u00fcmmern uns um die Erstellung von Folien oder Planen.<\/p>\n\n\n\n<h2 class=\"wp-block-heading\">Informationen zu Klebefolien<\/h2>\n\n\n\n<p>Erfahrungsberichte zur Bestellung und Nutzung von Folien zur Fassadengestaltung finden sie <a href=\"https:\/\/www.freundeskreis-lgs2024.de\/wp-content\/uploads\/2024\/05\/Infos-zu-Klebefolien.pdf\" target=\"_blank\" rel=\"noreferrer noopener\">hier<\/a><\/p>\n\n\n\n<h2 class=\"wp-block-heading\">Bayern 1 am 13.11.2023: Interview mit J\u00fcrgen Brecht<\/h2>\n\n\n\n<figure class=\"wp-block-audio\"><audio controls src=\"https:\/\/www.freundeskreis-lgs2024.de\/wp-content\/uploads\/2023\/11\/BR1-Interview.mp3\"><\/audio><\/figure>\n\n\n\n<h2 class=\"wp-block-heading\">Sch\u00f6nmachen zur Landesgartenschau<\/h2>\n\n\n\n<figure class=\"wp-block-image size-full is-resized\"><a href=\"https:\/\/www.freundeskreis-lgs2024.de\/wp-content\/uploads\/2024\/05\/Plakat-8-QR-Kto.pdf\" target=\"_blank\" rel=\"noreferrer noopener\"><img decoding=\"async\" src=\"https:\/\/www.freundeskreis-lgs2024.de\/wp-content\/uploads\/2024\/05\/Plakat-8-QR-Kto.jpg\" alt=\"\" class=\"wp-image-1950\" style=\"width:400px;height:undefinedpx\"\/><\/a><figcaption class=\"wp-element-caption\">Wir freuen uns sehr \u00fcber Ihr Interesse an diesem Projekt.<\/figcaption><\/figure>\n\n\n\n<ul class=\"wp-block-list\">\n<li>Sind Sie <strong>Eigent\u00fcmer:in\/Auftraggeber:in<\/strong> und m\u00f6chten eine Fl\u00e4che zum &#8222;Sch\u00f6nmachen&#8220; zur Landesgartenschau und dar\u00fcber hinaus anbieten?<br>&#8211;&gt; schicken Sie bitte 1-2 Objektbilder und kurze Infos zu Ihren Gestaltungsw\u00fcnschen an&nbsp; <a rel=\"noreferrer noopener\" href=\"mailto:sk@freundeskreis-lgs2024.de\" target=\"_blank\"><em>schoenmachen@freundeskreis-lgs2024.de<\/em><\/a><em>&nbsp; <\/em>Wir erstellen dann einen Steckbrief (siehe Beispiele unten) und melden uns, sobald sich ein K\u00fcnstler f\u00fcr Ihr Objekt entschieden hat. Die \u00dcbernahme der Materialkosten und eine angemessene Belohnung wird vorausgesetzt.<\/li>\n\n\n\n<li>Sind Sie <strong>K\u00fcnstler:in<\/strong> und haben Interesse an der Gestaltung eines oder mehrerer Objekte?<br>&#8211;&gt; w\u00e4hlen Sie sich bitte passende Objekte aus untenstehenden Steckbriefen aus und schicken ein kurzes grobes Gestaltungskonzept mit Kostensch\u00e4tzung an <a rel=\"noreferrer noopener\" href=\"mailto:sk@freundeskreis-lgs2024.de\" target=\"_blank\"><em>schoenmachen@freundeskreis-lgs2024.de<\/em><\/a><em> &nbsp; <\/em>Wir stellen dann gerne den Kontakt zu <strong>Auftraggeber:innen \/Eigent\u00fcmer:innen<\/strong> her.<\/li>\n<\/ul>\n\n\n\n<p><\/p>\n\n\n\n<h2 class=\"wp-block-heading\">Steckbriefe<\/h2>\n\n\n\n<div class=\"wp-block-columns is-layout-flex wp-container-core-columns-is-layout-9d6595d7 wp-block-columns-is-layout-flex\">\n<div class=\"wp-block-column is-layout-flow wp-block-column-is-layout-flow\">\n<figure class=\"wp-block-image\"><a href=\"https:\/\/www.freundeskreis-lgs2024.de\/wp-content\/uploads\/2023\/07\/Steckbrief-POST-AK-002.pdf\" target=\"_blank\" rel=\"noreferrer noopener\"><img decoding=\"async\" src=\"https:\/\/www.freundeskreis-lgs2024.de\/wp-content\/uploads\/2023\/07\/Steckbrief-POST-AK-002.jpg\" alt=\"\" class=\"wp-image-1856\"\/><\/a><\/figure>\n<\/div>\n\n\n\n<div class=\"wp-block-column is-layout-flow wp-block-column-is-layout-flow\">\n<figure class=\"wp-block-image size-full\"><a href=\"https:\/\/www.freundeskreis-lgs2024.de\/wp-content\/uploads\/2023\/07\/Steckbrief-POST-AK-003.pdf\" target=\"_blank\" rel=\"noreferrer noopener\"><img decoding=\"async\" src=\"https:\/\/www.freundeskreis-lgs2024.de\/wp-content\/uploads\/2023\/07\/Steckbrief-POST-AK-003.jpg\" alt=\"\" class=\"wp-image-1857\"\/><\/a><\/figure>\n<\/div>\n\n\n\n<div class=\"wp-block-column is-layout-flow wp-block-column-is-layout-flow\"><\/div>\n<\/div>\n\n\n\n<div class=\"wp-block-columns is-layout-flex wp-container-core-columns-is-layout-9d6595d7 wp-block-columns-is-layout-flex\">\n<div class=\"wp-block-column is-layout-flow wp-block-column-is-layout-flow\">\n<figure class=\"wp-block-image size-full\"><a href=\"https:\/\/www.freundeskreis-lgs2024.de\/wp-content\/uploads\/2023\/07\/Steckbrief-SWM-GAS-001.pdf\" target=\"_blank\" rel=\"noreferrer noopener\"><img loading=\"lazy\" decoding=\"async\" width=\"360\" height=\"480\" src=\"https:\/\/www.freundeskreis-lgs2024.de\/wp-content\/uploads\/2023\/07\/Steckbrief-SWM-GAS-001.jpg\" alt=\"\" class=\"wp-image-1858\" srcset=\"https:\/\/www.freundeskreis-lgs2024.de\/wp-content\/uploads\/2023\/07\/Steckbrief-SWM-GAS-001.jpg 360w, https:\/\/www.freundeskreis-lgs2024.de\/wp-content\/uploads\/2023\/07\/Steckbrief-SWM-GAS-001-225x300.jpg 225w\" sizes=\"auto, (max-width: 360px) 100vw, 360px\" \/><\/a><\/figure>\n<\/div>\n\n\n\n<div class=\"wp-block-column is-layout-flow wp-block-column-is-layout-flow\">\n<figure class=\"wp-block-image size-full\"><a href=\"https:\/\/www.freundeskreis-lgs2024.de\/wp-content\/uploads\/2023\/12\/Steckbrief-SWM-GAS-002.pdf\" target=\"_blank\" rel=\"noreferrer noopener\"><img decoding=\"async\" src=\"https:\/\/www.freundeskreis-lgs2024.de\/wp-content\/uploads\/2023\/12\/Steckbrief-SWM-GAS-002.jpg\" alt=\"\" class=\"wp-image-1859\"\/><\/a><\/figure>\n<\/div>\n\n\n\n<div class=\"wp-block-column is-layout-flow wp-block-column-is-layout-flow\"><\/div>\n<\/div>\n\n\n\n<div class=\"wp-block-columns is-layout-flex wp-container-core-columns-is-layout-9d6595d7 wp-block-columns-is-layout-flex\">\n<div class=\"wp-block-column is-layout-flow wp-block-column-is-layout-flow\">\n<figure class=\"wp-block-image size-full\"><a href=\"https:\/\/www.freundeskreis-lgs2024.de\/wp-content\/uploads\/2023\/07\/Steckbrief-SWM-TRF-004.pdf\" target=\"_blank\" rel=\"noreferrer noopener\"><img decoding=\"async\" src=\"https:\/\/www.freundeskreis-lgs2024.de\/wp-content\/uploads\/2023\/07\/Steckbrief-SWM-TRF-004.jpg\" alt=\"\" class=\"wp-image-1861\"\/><\/a><\/figure>\n<\/div>\n\n\n\n<div class=\"wp-block-column is-layout-flow wp-block-column-is-layout-flow\">\n<figure class=\"wp-block-image size-full\"><a href=\"https:\/\/www.freundeskreis-lgs2024.de\/wp-content\/uploads\/2023\/07\/Steckbrief-SWM-TRF-005.pdf\" target=\"_blank\" rel=\"noreferrer noopener\"><img decoding=\"async\" src=\"https:\/\/www.freundeskreis-lgs2024.de\/wp-content\/uploads\/2023\/07\/Steckbrief-SWM-TRF-005.jpg\" alt=\"\" class=\"wp-image-1862\"\/><\/a><\/figure>\n<\/div>\n\n\n\n<div class=\"wp-block-column is-layout-flow wp-block-column-is-layout-flow\">\n<figure class=\"wp-block-image size-full\"><a href=\"https:\/\/www.freundeskreis-lgs2024.de\/wp-content\/uploads\/2023\/07\/Steckbrief-SWM-TRF-006-SVH.pdf\" target=\"_blank\" rel=\"noreferrer noopener\"><img decoding=\"async\" src=\"https:\/\/www.freundeskreis-lgs2024.de\/wp-content\/uploads\/2023\/07\/Steckbrief-SWM-TRF-006-SVH.jpg\" alt=\"\" class=\"wp-image-1863\"\/><\/a><\/figure>\n<\/div>\n<\/div>\n\n\n\n<div class=\"wp-block-columns is-layout-flex wp-container-core-columns-is-layout-9d6595d7 wp-block-columns-is-layout-flex\">\n<div class=\"wp-block-column is-layout-flow wp-block-column-is-layout-flow\">\n<figure class=\"wp-block-image size-full\"><a href=\"https:\/\/www.freundeskreis-lgs2024.de\/wp-content\/uploads\/2024\/03\/Steckbrief-SWM-TRF-008-K045.pdf\" target=\"_blank\" rel=\"noreferrer noopener\"><img decoding=\"async\" src=\"https:\/\/www.freundeskreis-lgs2024.de\/wp-content\/uploads\/2024\/03\/Steckbrief-SWM-TRF-008-K045.jpg\" alt=\"\" class=\"wp-image-1876\"\/><\/a><\/figure>\n<\/div>\n\n\n\n<div class=\"wp-block-column is-layout-flow wp-block-column-is-layout-flow\"><\/div>\n\n\n\n<div class=\"wp-block-column is-layout-flow wp-block-column-is-layout-flow\"><\/div>\n<\/div>\n\n\n\n<div class=\"wp-block-columns is-layout-flex wp-container-core-columns-is-layout-9d6595d7 wp-block-columns-is-layout-flex\">\n<div class=\"wp-block-column is-layout-flow wp-block-column-is-layout-flow\">\n<figure class=\"wp-block-image size-full\"><a href=\"https:\/\/www.freundeskreis-lgs2024.de\/wp-content\/uploads\/2023\/07\/Steckbrief-Tel-001-SVH.pdf\" target=\"_blank\" rel=\"noreferrer noopener\"><img decoding=\"async\" src=\"https:\/\/www.freundeskreis-lgs2024.de\/wp-content\/uploads\/2023\/07\/Steckbrief-Tel-001-SVH.jpg\" alt=\"\" class=\"wp-image-1876\"\/><\/a><\/figure>\n<\/div>\n\n\n\n<div class=\"wp-block-column is-layout-flow wp-block-column-is-layout-flow\">\n<figure class=\"wp-block-image size-full\"><a href=\"https:\/\/www.freundeskreis-lgs2024.de\/wp-content\/uploads\/2023\/07\/Steckbrief-PRIVAT-002-1.pdf\" target=\"_blank\" rel=\"noreferrer noopener\"><img decoding=\"async\" src=\"https:\/\/www.freundeskreis-lgs2024.de\/wp-content\/uploads\/2023\/07\/Steckbrief-PRIVAT-002.jpg\" alt=\"\" class=\"wp-image-1877\"\/><\/a><\/figure>\n<\/div>\n\n\n\n<div class=\"wp-block-column is-layout-flow wp-block-column-is-layout-flow\">\n<figure class=\"wp-block-image size-full\"><a href=\"https:\/\/www.freundeskreis-lgs2024.de\/wp-content\/uploads\/2023\/07\/Steckbrief-PRIVAT-003-1.pdf\" target=\"_blank\" rel=\"noreferrer noopener\"><img decoding=\"async\" src=\"https:\/\/www.freundeskreis-lgs2024.de\/wp-content\/uploads\/2023\/07\/Steckbrief-PRIVAT-003.jpg\" alt=\"\" class=\"wp-image-1878\"\/><\/a><\/figure>\n<\/div>\n<\/div>\n\n\n\n<div class=\"wp-block-columns is-layout-flex wp-container-core-columns-is-layout-9d6595d7 wp-block-columns-is-layout-flex\">\n<div class=\"wp-block-column is-layout-flow wp-block-column-is-layout-flow\">\n<figure class=\"wp-block-image size-full\"><a href=\"https:\/\/www.freundeskreis-lgs2024.de\/wp-content\/uploads\/2023\/07\/Steckbrief-PRIVAT-004-1.pdf\" target=\"_blank\" rel=\"noreferrer noopener\"><img decoding=\"async\" src=\"https:\/\/www.freundeskreis-lgs2024.de\/wp-content\/uploads\/2023\/07\/Steckbrief-PRIVAT-004.jpg\" alt=\"\" class=\"wp-image-1879\"\/><\/a><\/figure>\n<\/div>\n\n\n\n<div class=\"wp-block-column is-layout-flow wp-block-column-is-layout-flow\">\n<figure class=\"wp-block-image size-full\"><a href=\"https:\/\/www.freundeskreis-lgs2024.de\/wp-content\/uploads\/2024\/01\/Steckbrief-PRIVAT-005-reserviert-NJ.pdf\" target=\"_blank\" rel=\"noreferrer noopener\"><img decoding=\"async\" src=\"https:\/\/www.freundeskreis-lgs2024.de\/wp-content\/uploads\/2024\/01\/Steckbrief-PRIVAT-005-reserviert-NJ.jpg\" alt=\"\" class=\"wp-image-1880\"\/><\/a><\/figure>\n<\/div>\n\n\n\n<div class=\"wp-block-column is-layout-flow wp-block-column-is-layout-flow\">\n<figure class=\"wp-block-image size-full\"><a href=\"https:\/\/www.freundeskreis-lgs2024.de\/wp-content\/uploads\/2024\/01\/Steckbrief-PRIVAT-006-reserviert-NJ.pdf\" target=\"_blank\" rel=\"noreferrer noopener\"><img decoding=\"async\" src=\"https:\/\/www.freundeskreis-lgs2024.de\/wp-content\/uploads\/2024\/01\/Steckbrief-PRIVAT-006-reserviert-NJ.jpg\" alt=\"\" class=\"wp-image-1885\"\/><\/a><\/figure>\n<\/div>\n<\/div>\n\n\n\n<div class=\"wp-block-columns is-layout-flex wp-container-core-columns-is-layout-9d6595d7 wp-block-columns-is-layout-flex\">\n<div class=\"wp-block-column is-layout-flow wp-block-column-is-layout-flow\">\n<figure class=\"wp-block-image size-full\"><a href=\"https:\/\/www.freundeskreis-lgs2024.de\/wp-content\/uploads\/2023\/07\/Steckbrief-PRIVAT-007.pdf\" target=\"_blank\" rel=\"noreferrer noopener\"><img decoding=\"async\" src=\"https:\/\/www.freundeskreis-lgs2024.de\/wp-content\/uploads\/2023\/07\/Steckbrief-PRIVAT-007.jpg\" alt=\"\" class=\"wp-image-1943\"\/><\/a><\/figure>\n<\/div>\n\n\n\n<div class=\"wp-block-column is-layout-flow wp-block-column-is-layout-flow\">\n<figure class=\"wp-block-image size-full\"><a href=\"https:\/\/www.freundeskreis-lgs2024.de\/wp-content\/uploads\/2023\/12\/Steckbrief-PRIVAT-008.pdf\" target=\"_blank\" rel=\"noreferrer noopener\"><img decoding=\"async\" src=\"https:\/\/www.freundeskreis-lgs2024.de\/wp-content\/uploads\/2023\/08\/Steckbrief-PRIVAT-008.jpg\" alt=\"\" class=\"wp-image-2044\"\/><\/a><\/figure>\n<\/div>\n\n\n\n<div class=\"wp-block-column is-layout-flow wp-block-column-is-layout-flow\">\n<figure class=\"wp-block-image\"><a href=\"https:\/\/www.freundeskreis-lgs2024.de\/wp-content\/uploads\/2023\/09\/Steckbrief-PRIVAT-009.pdf\" target=\"_blank\" rel=\"noreferrer noopener\"><img decoding=\"async\" src=\"https:\/\/www.freundeskreis-lgs2024.de\/wp-content\/uploads\/2023\/09\/Steckbrief-PRIVAT-009.jpg\" alt=\"\"\/><\/a><\/figure>\n<\/div>\n<\/div>\n\n\n\n<div class=\"wp-block-columns is-layout-flex wp-container-core-columns-is-layout-9d6595d7 wp-block-columns-is-layout-flex\">\n<div class=\"wp-block-column is-layout-flow wp-block-column-is-layout-flow\">\n<figure class=\"wp-block-image size-full\"><a href=\"https:\/\/www.freundeskreis-lgs2024.de\/wp-content\/uploads\/2024\/01\/Steckbrief-PRIVAT-010.pdf\" target=\"_blank\" rel=\"noreferrer noopener\"><img decoding=\"async\" src=\"https:\/\/www.freundeskreis-lgs2024.de\/wp-content\/uploads\/2024\/01\/Steckbrief-PRIVAT-010.jpg\" alt=\"\" class=\"wp-image-1877\"\/><\/a><\/figure>\n<\/div>\n\n\n\n<div class=\"wp-block-column is-layout-flow wp-block-column-is-layout-flow\">\n<figure class=\"wp-block-image size-full\"><a href=\"https:\/\/www.freundeskreis-lgs2024.de\/wp-content\/uploads\/2024\/01\/Steckbrief-PRIVAT-011.pdf\" target=\"_blank\" rel=\"noreferrer noopener\"><img decoding=\"async\" src=\"https:\/\/www.freundeskreis-lgs2024.de\/wp-content\/uploads\/2024\/01\/Steckbrief-PRIVAT-011.jpg\" alt=\"\" class=\"wp-image-1877\"\/><\/a><\/figure>\n<\/div>\n\n\n\n<div class=\"wp-block-column is-layout-flow wp-block-column-is-layout-flow\">\n<figure class=\"wp-block-image size-full\"><a href=\"https:\/\/www.freundeskreis-lgs2024.de\/wp-content\/uploads\/2024\/02\/Steckbrief-PRIVAT-012.pdf\" target=\"_blank\" rel=\"noreferrer noopener\"><img decoding=\"async\" src=\"https:\/\/www.freundeskreis-lgs2024.de\/wp-content\/uploads\/2024\/02\/Steckbrief-PRIVAT-012.jpg\" alt=\"\" class=\"wp-image-2044\"\/><\/a><\/figure>\n<\/div>\n<\/div>\n\n\n\n<div class=\"wp-block-columns is-layout-flex wp-container-core-columns-is-layout-9d6595d7 wp-block-columns-is-layout-flex\">\n<div class=\"wp-block-column is-layout-flow wp-block-column-is-layout-flow\">\n<figure class=\"wp-block-image size-full\"><a href=\"https:\/\/www.freundeskreis-lgs2024.de\/wp-content\/uploads\/2024\/05\/Steckbrief-PRIVAT-014.pdf\" target=\"_blank\" rel=\"noreferrer noopener\"><img decoding=\"async\" src=\"https:\/\/www.freundeskreis-lgs2024.de\/wp-content\/uploads\/2024\/05\/Steckbrief-PRIVAT-014.jpg\" alt=\"\" class=\"wp-image-1877\"\/><\/a><\/figure>\n<\/div>\n\n\n\n<div class=\"wp-block-column is-layout-flow wp-block-column-is-layout-flow\">\n<figure class=\"wp-block-image size-full\"><a href=\"https:\/\/www.freundeskreis-lgs2024.de\/wp-content\/uploads\/2024\/05\/Steckbrief-PRIVAT-015.pdf\" target=\"_blank\" rel=\"noreferrer noopener\"><img decoding=\"async\" src=\"https:\/\/www.freundeskreis-lgs2024.de\/wp-content\/uploads\/2024\/05\/Steckbrief-PRIVAT-015.jpg\" alt=\"\" class=\"wp-image-1877\"\/><\/a><\/figure>\n<\/div>\n\n\n\n<div class=\"wp-block-column is-layout-flow wp-block-column-is-layout-flow\"><\/div>\n<\/div>\n\n\n\n<div class=\"wp-block-columns is-layout-flex wp-container-core-columns-is-layout-9d6595d7 wp-block-columns-is-layout-flex\">\n<div class=\"wp-block-column is-layout-flow wp-block-column-is-layout-flow\">\n<figure class=\"wp-block-image size-full\"><a href=\"https:\/\/www.freundeskreis-lgs2024.de\/wp-content\/uploads\/2024\/06\/GEMEINDE-AS-001.pdf\" target=\"_blank\" rel=\"noreferrer noopener\"><img decoding=\"async\" src=\"https:\/\/www.freundeskreis-lgs2024.de\/wp-content\/uploads\/2024\/06\/GEMEINDE-AS-001.jpg\" alt=\"\" class=\"wp-image-1877\"\/><\/a><\/figure>\n<\/div>\n\n\n\n<div class=\"wp-block-column is-layout-flow wp-block-column-is-layout-flow\"><\/div>\n\n\n\n<div class=\"wp-block-column is-layout-flow wp-block-column-is-layout-flow\"><\/div>\n<\/div>\n\n\n\n<h2 class=\"wp-block-heading\">Gestaltung der Versorgeranlagen<\/h2>\n\n\n\n<p><a href=\"https:\/\/www.freundeskreis-lgs2024.de\/wp-content\/uploads\/2023\/06\/20230503-113752-2023_05_02-Praesentation-mit-Steckbriefen.pdf\" target=\"_blank\" rel=\"noreferrer noopener\">Pr\u00e4sentation vom 02. Mai 2023<\/a><\/p>\n","protected":false},"excerpt":{"rendered":"<p>Bilder unserer Landesgartenschau 2024 Der Freundeskreis sammelt und pr\u00e4sentiert seit 2022 in den \u201eKirchheimer Mitteilungen\u201c sch\u00f6ne Bilder aus Kirchheim. Im letzten Jahr haben K\u00fcnstlerinnen und K\u00fcnstler einige Verteilerh\u00e4uschen im Ort zu neuem buntem Leben erweckt. Nun erweitert der Freundeskreis seine Aktion, um mehr Kunst und Buntes in unser Gemeindebild zu bringen. Weil Original-Malereien aufw\u00e4ndig und&#8230;<\/p>\n","protected":false},"author":3,"featured_media":0,"parent":0,"menu_order":0,"comment_status":"closed","ping_status":"closed","template":"","meta":{"footnotes":""},"class_list":["post-1787","page","type-page","status-publish","hentry"],"_links":{"self":[{"href":"https:\/\/www.freundeskreis-lgs2024.de\/index.php\/wp-json\/wp\/v2\/pages\/1787","targetHints":{"allow":["GET"]}}],"collection":[{"href":"https:\/\/www.freundeskreis-lgs2024.de\/index.php\/wp-json\/wp\/v2\/pages"}],"about":[{"href":"https:\/\/www.freundeskreis-lgs2024.de\/index.php\/wp-json\/wp\/v2\/types\/page"}],"author":[{"embeddable":true,"href":"https:\/\/www.freundeskreis-lgs2024.de\/index.php\/wp-json\/wp\/v2\/users\/3"}],"replies":[{"embeddable":true,"href":"https:\/\/www.freundeskreis-lgs2024.de\/index.php\/wp-json\/wp\/v2\/comments?post=1787"}],"version-history":[{"count":48,"href":"https:\/\/www.freundeskreis-lgs2024.de\/index.php\/wp-json\/wp\/v2\/pages\/1787\/revisions"}],"predecessor-version":[{"id":2730,"href":"https:\/\/www.freundeskreis-lgs2024.de\/index.php\/wp-json\/wp\/v2\/pages\/1787\/revisions\/2730"}],"wp:attachment":[{"href":"https:\/\/www.freundeskreis-lgs2024.de\/index.php\/wp-json\/wp\/v2\/media?parent=1787"}],"curies":[{"name":"wp","href":"https:\/\/api.w.org\/{rel}","templated":true}]}}