{"id":2434,"date":"2024-04-11T08:51:11","date_gmt":"2024-04-11T06:51:11","guid":{"rendered":"https:\/\/www.freundeskreis-lgs2024.de\/?page_id=2434"},"modified":"2024-04-12T15:44:06","modified_gmt":"2024-04-12T13:44:06","slug":"blumen-fuer-den-landkreis-muenchen","status":"publish","type":"page","link":"https:\/\/www.freundeskreis-lgs2024.de\/index.php\/blumen-fuer-den-landkreis-muenchen\/","title":{"rendered":"Blumen f\u00fcr den Landkreis M\u00fcnchen"},"content":{"rendered":"<style type=\"text\/css\">    #bwg_container1_0 #bwg_container2_0 .bwg-container-0.bwg-standard-thumbnails {      width: 1254px;              justify-content: center;        margin:0 auto !important;              background-color: rgba(255, 255, 255, 0.00);            padding-left: 4px;      padding-top: 4px;      max-width: 100%;            }        #bwg_container1_0 #bwg_container2_0 .bwg-container-0.bwg-standard-thumbnails .bwg-item {    justify-content: flex-start;      max-width: 250px;          }    #bwg_container1_0 #bwg_container2_0 .bwg-container-0.bwg-standard-thumbnails .bwg-item a {       margin-right: 4px;       margin-bottom: 4px;    }    #bwg_container1_0 #bwg_container2_0 .bwg-container-0.bwg-standard-thumbnails .bwg-item0 {      padding: 0px;            background-color:rgba(0,0,0, 0.30);      border: 0px none #CCCCCC;      opacity: 1.00;      border-radius: 0;      box-shadow: ;    }    #bwg_container1_0 #bwg_container2_0 .bwg-container-0.bwg-standard-thumbnails .bwg-item1 img {      max-height: none;      max-width: none;      padding: 0 !important;    }         @media only screen and (min-width: 480px) {\t\t#bwg_container1_0 #bwg_container2_0 .bwg-container-0.bwg-standard-thumbnails .bwg-item1 img {\t\t\t-webkit-transition: all .3s; transition: all .3s;\t\t}\t\t#bwg_container1_0 #bwg_container2_0 .bwg-container-0.bwg-standard-thumbnails .bwg-item1 img:hover {\t\t\t-ms-transform: scale(1.08);\t\t\t-webkit-transform: scale(1.08);\t\t\ttransform: scale(1.08);\t\t}\t\t\t\t.bwg-standard-thumbnails .bwg-zoom-effect .bwg-zoom-effect-overlay {\t\t\t\t\t\tbackground-color:rgba(0,0,0, 0.3);\t\t}\t\t.bwg-standard-thumbnails .bwg-zoom-effect:hover img {\t\t\t-ms-transform: scale(1.08);\t\t\t-webkit-transform: scale(1.08);\t\t\ttransform: scale(1.08);\t\t}\t\t      }\t    #bwg_container1_0 #bwg_container2_0 .bwg-container-0.bwg-standard-thumbnails .bwg-item1 {      padding-top: 56%;    }        #bwg_container1_0 #bwg_container2_0 .bwg-container-0.bwg-standard-thumbnails .bwg-title1 {      position: absolute;      top: 0;      z-index: 100;      width: 100%;      height: 100%;      display: flex;      justify-content: center;      align-content: center;      flex-direction: column;      opacity: 0;    }\t      #bwg_container1_0 #bwg_container2_0 .bwg-container-0.bwg-standard-thumbnails .bwg-title2,    #bwg_container1_0 #bwg_container2_0 .bwg-container-0.bwg-standard-thumbnails .bwg-ecommerce2 {      color: #FFFFFF;      font-family: Ubuntu;      font-size: 16px;      font-weight: bold;      padding: 2px;      text-shadow: ;      max-height: 100%;    }    #bwg_container1_0 #bwg_container2_0 .bwg-container-0.bwg-standard-thumbnails .bwg-thumb-description span {    color: #323A45;    font-family: Ubuntu;    font-size: 12px;    max-height: 100%;    word-wrap: break-word;    }    #bwg_container1_0 #bwg_container2_0 .bwg-container-0.bwg-standard-thumbnails .bwg-play-icon2 {      font-size: 32px;    }    #bwg_container1_0 #bwg_container2_0 .bwg-container-0.bwg-standard-thumbnails .bwg-ecommerce2 {      font-size: 19.2px;      color: #323A45;    }          \/*pagination styles*\/      #bwg_container1_0 #bwg_container2_0 .tablenav-pages_0 {\t\t\t\ttext-align: center;\t\t\t\tfont-size: 12px;\t\t\t\tfont-family: Ubuntu;\t\t\t\tfont-weight: bold;\t\t\t\tcolor: #666666;\t\t\t\tmargin: 6px 0 4px;\t\t\t\tdisplay: block;      }      @media only screen and (max-width : 320px) {      #bwg_container1_0 #bwg_container2_0 .displaying-num_0 {     \t display: none;      }      }      #bwg_container1_0 #bwg_container2_0 .displaying-num_0 {\t\t\t\tfont-size: 12px;\t\t\t\tfont-family: Ubuntu;\t\t\t\tfont-weight: bold;\t\t\t\tcolor: #666666;\t\t\t\tmargin-right: 10px;\t\t\t\tvertical-align: middle;      }      #bwg_container1_0 #bwg_container2_0 .paging-input_0 {\t\t\t\tfont-size: 12px;\t\t\t\tfont-family: Ubuntu;\t\t\t\tfont-weight: bold;\t\t\t\tcolor: #666666;\t\t\t\tvertical-align: middle;      }      #bwg_container1_0 #bwg_container2_0 .tablenav-pages_0 a.disabled,      #bwg_container1_0 #bwg_container2_0 .tablenav-pages_0 a.disabled:hover,      #bwg_container1_0 #bwg_container2_0 .tablenav-pages_0 a.disabled:focus,\t\t\t#bwg_container1_0 #bwg_container2_0 .tablenav-pages_0 input.bwg_current_page {\t\t\t\tcursor: default;\t\t\t\tcolor: rgba(102, 102, 102, 0.5);      }      #bwg_container1_0 #bwg_container2_0 .tablenav-pages_0 a,      #bwg_container1_0 #bwg_container2_0 .tablenav-pages_0 input.bwg_current_page {\t\t\t\tcursor: pointer;\t\t\t\ttext-align: center;\t\t\t\tfont-size: 12px;\t\t\t\tfont-family: Ubuntu;\t\t\t\tfont-weight: bold;\t\t\t\tcolor: #666666;\t\t\t\ttext-decoration: none;\t\t\t\tpadding: 3px 6px;\t\t\t\tmargin: 0;\t\t\t\tborder-radius: 0;\t\t\t\tborder-style: solid;\t\t\t\tborder-width: 1px;\t\t\t\tborder-color: #E3E3E3;\t\t\t\t\t\t\t\tbackground-color: rgba(255, 255, 255, 1.00);\t\t\t\tbox-shadow: 0;\t\t\t\ttransition: all 0.3s ease 0s;-webkit-transition: all 0.3s ease 0s;      }                #bwg_container1_0 #bwg_container2_0 #spider_popup_overlay_0 {          background-color: #EEEEEE;          opacity: 0.60;          }          <\/style>\n<h3 class=\"wp-block-heading\">Zusammen.Wachsen. jetzt auch im Landkreis M\u00fcnchen<br>Aktion des Freundeskreises Landesgartenschau Kirchheim<\/h3>\n\n\n\n<p>Blumen f\u00fcr den Landkreis M\u00fcnchen \u2013 im ganzen Landkreis werben Pflanztr\u00f6ge f\u00fcr die Landesgartenschau<\/p>\n\n\n\n<p>Diese Woche wurden sie ausgeliefert, die Pflanztr\u00f6ge, die die kommenden Monate vor Ort in den Kommunen des Landkreises f\u00fcr die Landesgartenschau Kirchheim vor den Rath\u00e4usern oder an gut sichtbarer Stelle werben sollen.<\/p>\n\n\n\n<p>Es ist eine <strong>Aktion des Freundeskreises Landesgartenschau Kirchheim<\/strong>, initiiert von der stellvertretenden Landr\u00e4tin Annette Ganssm\u00fcller-Maluche und dem <strong>Arbeitskreis Netzwerk<\/strong>. Mit dem Logo des Freundeskreises und der Landesgartenschau, sowie des Landkreises M\u00fcnchen, der jeweiligen Gemeinde und des <strong>Sponsors Stiftung Kreissparkasse<\/strong> sind die quadratischen wei\u00dfen Pflanztr\u00f6ge beschriftet.<\/p>\n\n\n\n<p><strong>Ganssm\u00fcller-Maluche<\/strong>: \u201eIch bin von der ersten Sekunde an, ein gro\u00dfer Fan der Landesgartenschau Kirchheim und freue mich, dass mit Max B\u00f6ltl und seinem Nachfolger Stephan Keck dies so wunderbar umgesetzt wird. Das Motto der Landesgartenschau <strong>Zusammen.Wachsen. <\/strong>wollte ich symbolisch auch f\u00fcr den Landkreis umsetzen. So entstand meine Idee, dass in jeder Kommune des Landkreises ein Pflanzk\u00fcbel steht, der nach Vorstellung der Kommune bepflanzt wird. So lassen wir symbolisch Blumen sprechen und f\u00fcr den Besuch der Landesgartenschau werben. Bei einigen Gemeinden mussten <strong>Gerlinde Koch-D\u00f6rringer<\/strong> und ich etwas nachhaken, dass sie dann mitgemacht haben. Schade, dass nur Klaus Korneder von Grasbrunn bis zum Schluss nicht zu \u00fcberzeugen war, mitzumachen. Platzmangel und fehlende Nachhaltigkeit waren die Argumente. Taufkirchen war daf\u00fcr von der Aktion so begeistert, dass sie gleich zwei bestellt haben. Nat\u00fcrlich soll auch noch einer vor dem Landratsamt stehen, so dass alle gekauften 30 nun verteilt sind.\u201c<\/p>\n\n\n\n<p>Die Nachhaltigkeit ist gegeben. Die knapp 400 Euro teuren Pflanztr\u00f6ge bleiben im Besitz der Kommune. Die Aufschriften k\u00f6nnen nach Ende der Landesgartenschau einfach abgezogen werden. Das Logo von Landkreis und der jeweiligen Gemeinden kann auch bestehen bleiben.<\/p>\n\n\n\n<p>Pflanzk\u00fcbel und Beschriftung durch <strong>die Kirchheimer Firma Plottergeist<\/strong> haben insgesamt 16.000 Euro gekostet. Dank der Stiftung der Kreissparkasse M\u00fcnchen Land mit 8000 Euro und einer Eigenbeteiligung der Kommunen mit je 300 Euro ist die Finanzierung gesichert.<\/p>\n\n\n\n<p><strong>Besonders herausragend war das Engagement von Thorsten Guhlke<\/strong>, ehemaliger langj\u00e4hriger Vorsitzender des Gartenbauvereins Feldkirchen, der auch dem Arbeitskreis Netzwerk im Freundeskreis angeh\u00f6rt, hat \u00fcber seinen fr\u00fcheren Arbeitgeber Firma May in Feldkirchen ein Transporter zur Verf\u00fcgung gestellt bekommen und diese Woche Montag zusammen mit Ganssm\u00fcller-Maluche und Dienstag noch die 30 K\u00fcbel im Landkreis verteilt.<\/p>\n\n\n\n<p>Gro\u00dfer Dank gilt auch dem <strong>Bauhof Kirchheim<\/strong> und Leiter Bernhard Kau\u00dfner und Stefan Hornburger, die vom ersten Tag \u00fcber Wochen die Lagerung und Verteilung sehr freundlich mit begleitet haben.<\/p>\n\n\n\n<p>Ganssm\u00fcller-Maluche: \u201eUrspr\u00fcnglich war ja die Idee, dass wir an einem Tag alle Pflanzk\u00fcbel zur Landesgartenschau kommen und so der Landkreis optisch tats\u00e4chlich zusammenw\u00e4chst. Das ist aber zu aufwendig. Wir sind schon froh, es so geschafft zu haben. Ich habe als weitere Idee noch vor, ab Ende August zu allen Standorten zu radeln und aus den Bildern ein Plakat \u201eLandkreis.M\u00fcnchen.wir.wachsen.zusammen\u201c zu gestalten. Vielleicht finden sich Mitradler \ud83d\ude09.<\/p>\n\n\n\n<p>Artikel in der <a href=\"https:\/\/www.sueddeutsche.de\/muenchen\/landkreismuenchen\/landkreis-muenchen-kirchheim-landesgartenschau-1.6538640\" target=\"_blank\" rel=\"noreferrer noopener\">SZ vom 11.4.2024<\/a><\/p>\n\n\n\n<p>Artikel im <a href=\"https:\/\/www.freundeskreis-lgs2024.de\/wp-content\/uploads\/2024\/04\/MuenchnerMerkur-2024-04-11.jpg\" target=\"_blank\" rel=\"noreferrer noopener\">M\u00fcnchner Merkur vom 11.4.2024<\/a><\/p>\n\n\n\n    <div id=\"bwg_container1_0\"         class=\"bwg_container bwg_thumbnail bwg_thumbnails \"         data-right-click-protection=\"0\"         data-bwg=\"0\"         data-scroll=\"0\"         data-gallery-type=\"thumbnails\"         data-gallery-view-type=\"thumbnails\"         data-current-url=\"\/index.php\/wp-json\/wp\/v2\/pages\/2434\"         data-lightbox-url=\"https:\/\/www.freundeskreis-lgs2024.de\/wp-admin\/admin-ajax.php?action=GalleryBox&#038;current_view=0&#038;gallery_id=35&#038;tag=0&#038;theme_id=1&#038;shortcode_id=70&#038;sort_by=order&#038;order_by=asc&#038;current_url=%2Findex.php%2Fwp-json%2Fwp%2Fv2%2Fpages%2F2434\"         data-gallery-id=\"35\"         data-popup-width=\"800\"         data-popup-height=\"500\"         data-is-album=\"gallery\"         data-buttons-position=\"bottom\">      <div id=\"bwg_container2_0\">             <div id=\"ajax_loading_0\" class=\"bwg_loading_div_1\">      <div class=\"bwg_loading_div_2\">        <div class=\"bwg_loading_div_3\">          <div id=\"loading_div_0\" class=\"bwg_spider_ajax_loading\">          <\/div>        <\/div>      <\/div>    <\/div>            <form id=\"gal_front_form_0\"              class=\"bwg-hidden\"              method=\"post\"              action=\"#\"              data-current=\"0\"              data-shortcode-id=\"70\"              data-gallery-type=\"thumbnails\"              data-gallery-id=\"35\"              data-tag=\"0\"              data-album-id=\"0\"              data-theme-id=\"1\"              data-ajax-url=\"https:\/\/www.freundeskreis-lgs2024.de\/wp-admin\/admin-ajax.php?action=bwg_frontend_data\">          <div id=\"bwg_container3_0\" class=\"bwg-background bwg-background-0\">                <div data-max-count=\"5\"         data-thumbnail-width=\"250\"         data-bwg=\"0\"         data-gallery-id=\"35\"         data-lightbox-url=\"https:\/\/www.freundeskreis-lgs2024.de\/wp-admin\/admin-ajax.php?action=GalleryBox&amp;current_view=0&amp;gallery_id=35&amp;tag=0&amp;theme_id=1&amp;shortcode_id=70&amp;sort_by=order&amp;order_by=asc&amp;current_url=%2Findex.php%2Fwp-json%2Fwp%2Fv2%2Fpages%2F2434\"         id=\"bwg_thumbnails_0\"         class=\"bwg-container-0 bwg-thumbnails bwg-standard-thumbnails bwg-container bwg-border-box\">            <div class=\"bwg-item\">        <a class=\"bwg-a  bwg_lightbox\"  data-image-id=\"595\" href=\"https:\/\/www.freundeskreis-lgs2024.de\/wp-content\/uploads\/photo-gallery\/imported_from_media_libray\/Aktion-Landesgartenschau-im-Landkreis.jpg?bwg=1712816950\" data-elementor-open-lightbox=\"no\">                <div class=\"bwg-item0 \">          <div class=\"bwg-item1 bwg-zoom-effect\">            <div class=\"bwg-item2\">              <img decoding=\"async\" class=\"skip-lazy bwg_standart_thumb_img_0 \"                   data-id=\"595\"                   data-width=\"500.00\"                   data-height=\"411.00\"                   data-src=\"https:\/\/www.freundeskreis-lgs2024.de\/wp-content\/uploads\/photo-gallery\/imported_from_media_libray\/thumb\/Aktion-Landesgartenschau-im-Landkreis.jpg?bwg=1712816950\"                   src=\"https:\/\/www.freundeskreis-lgs2024.de\/wp-content\/uploads\/photo-gallery\/imported_from_media_libray\/thumb\/Aktion-Landesgartenschau-im-Landkreis.jpg?bwg=1712816950\"                   alt=\"Aktion Landesgartenschau im Landkreis\"                   title=\"Aktion Landesgartenschau im Landkreis\" \/>            <\/div>            <div class=\"bwg-zoom-effect-overlay\">              <div class=\"bwg-title1\"><div class=\"bwg-title2\">Aktion Landesgartenschau im Landkreis<\/div><\/div>                                        <\/div>          <\/div>        <\/div>                        <\/a>              <\/div>            <div class=\"bwg-item\">        <a class=\"bwg-a  bwg_lightbox\"  data-image-id=\"596\" href=\"https:\/\/www.freundeskreis-lgs2024.de\/wp-content\/uploads\/photo-gallery\/imported_from_media_libray\/Erster-bepflanzter-Trog-in-Brunnthal.jpg?bwg=1712816950\" data-elementor-open-lightbox=\"no\">                <div class=\"bwg-item0 \">          <div class=\"bwg-item1 bwg-zoom-effect\">            <div class=\"bwg-item2\">              <img decoding=\"async\" class=\"skip-lazy bwg_standart_thumb_img_0 \"                   data-id=\"596\"                   data-width=\"500.00\"                   data-height=\"410.00\"                   data-src=\"https:\/\/www.freundeskreis-lgs2024.de\/wp-content\/uploads\/photo-gallery\/imported_from_media_libray\/thumb\/Erster-bepflanzter-Trog-in-Brunnthal.jpg?bwg=1712816950\"                   src=\"https:\/\/www.freundeskreis-lgs2024.de\/wp-content\/uploads\/photo-gallery\/imported_from_media_libray\/thumb\/Erster-bepflanzter-Trog-in-Brunnthal.jpg?bwg=1712816950\"                   alt=\"Erster bepflanzter Trog in Brunnthal\"                   title=\"Erster bepflanzter Trog in Brunnthal\" \/>            <\/div>            <div class=\"bwg-zoom-effect-overlay\">              <div class=\"bwg-title1\"><div class=\"bwg-title2\">Erster bepflanzter Trog in Brunnthal<\/div><\/div>                                        <\/div>          <\/div>        <\/div>                        <\/a>              <\/div>            <div class=\"bwg-item\">        <a class=\"bwg-a  bwg_lightbox\"  data-image-id=\"597\" href=\"https:\/\/www.freundeskreis-lgs2024.de\/wp-content\/uploads\/photo-gallery\/imported_from_media_libray\/Pflanztrog-LGS-KSK-Stiftung-Logo.jpg?bwg=1712816950\" data-elementor-open-lightbox=\"no\">                <div class=\"bwg-item0 \">          <div class=\"bwg-item1 bwg-zoom-effect\">            <div class=\"bwg-item2\">              <img decoding=\"async\" class=\"skip-lazy bwg_standart_thumb_img_0 \"                   data-id=\"597\"                   data-width=\"500.00\"                   data-height=\"281.00\"                   data-src=\"https:\/\/www.freundeskreis-lgs2024.de\/wp-content\/uploads\/photo-gallery\/imported_from_media_libray\/thumb\/Pflanztrog-LGS-KSK-Stiftung-Logo.jpg?bwg=1712816950\"                   src=\"https:\/\/www.freundeskreis-lgs2024.de\/wp-content\/uploads\/photo-gallery\/imported_from_media_libray\/thumb\/Pflanztrog-LGS-KSK-Stiftung-Logo.jpg?bwg=1712816950\"                   alt=\"Pflanztrog LGS KSK Stiftung Logo\"                   title=\"Pflanztrog LGS KSK Stiftung Logo\" \/>            <\/div>            <div class=\"bwg-zoom-effect-overlay\">              <div class=\"bwg-title1\"><div class=\"bwg-title2\">Pflanztrog LGS KSK Stiftung Logo<\/div><\/div>                                        <\/div>          <\/div>        <\/div>                        <\/a>              <\/div>            <div class=\"bwg-item\">        <a class=\"bwg-a  bwg_lightbox\"  data-image-id=\"598\" href=\"https:\/\/www.freundeskreis-lgs2024.de\/wp-content\/uploads\/photo-gallery\/imported_from_media_libray\/Feldkirchen1-scaled.jpg?bwg=1712826806\" data-elementor-open-lightbox=\"no\">                <div class=\"bwg-item0 \">          <div class=\"bwg-item1 bwg-zoom-effect\">            <div class=\"bwg-item2\">              <img decoding=\"async\" class=\"skip-lazy bwg_standart_thumb_img_0 \"                   data-id=\"598\"                   data-width=\"500.00\"                   data-height=\"375.00\"                   data-src=\"https:\/\/www.freundeskreis-lgs2024.de\/wp-content\/uploads\/photo-gallery\/imported_from_media_libray\/thumb\/Feldkirchen1-scaled.jpg?bwg=1712826806\"                   src=\"https:\/\/www.freundeskreis-lgs2024.de\/wp-content\/uploads\/photo-gallery\/imported_from_media_libray\/thumb\/Feldkirchen1-scaled.jpg?bwg=1712826806\"                   alt=\"Feldkirchen1\"                   title=\"Feldkirchen1\" \/>            <\/div>            <div class=\"bwg-zoom-effect-overlay\">              <div class=\"bwg-title1\"><div class=\"bwg-title2\">Feldkirchen1<\/div><\/div>                                        <\/div>          <\/div>        <\/div>                        <\/a>              <\/div>            <div class=\"bwg-item\">        <a class=\"bwg-a  bwg_lightbox\"  data-image-id=\"599\" href=\"https:\/\/www.freundeskreis-lgs2024.de\/wp-content\/uploads\/photo-gallery\/imported_from_media_libray\/Feldkirchen2-scaled.jpg?bwg=1712826806\" data-elementor-open-lightbox=\"no\">                <div class=\"bwg-item0 \">          <div class=\"bwg-item1 bwg-zoom-effect\">            <div class=\"bwg-item2\">              <img decoding=\"async\" class=\"skip-lazy bwg_standart_thumb_img_0 \"                   data-id=\"599\"                   data-width=\"375.00\"                   data-height=\"500.00\"                   data-src=\"https:\/\/www.freundeskreis-lgs2024.de\/wp-content\/uploads\/photo-gallery\/imported_from_media_libray\/thumb\/Feldkirchen2-scaled.jpg?bwg=1712826806\"                   src=\"https:\/\/www.freundeskreis-lgs2024.de\/wp-content\/uploads\/photo-gallery\/imported_from_media_libray\/thumb\/Feldkirchen2-scaled.jpg?bwg=1712826806\"                   alt=\"Feldkirchen2\"                   title=\"Feldkirchen2\" \/>            <\/div>            <div class=\"bwg-zoom-effect-overlay\">              <div class=\"bwg-title1\"><div class=\"bwg-title2\">Feldkirchen2<\/div><\/div>                                        <\/div>          <\/div>        <\/div>                        <\/a>              <\/div>            <div class=\"bwg-item\">        <a class=\"bwg-a  bwg_lightbox\"  data-image-id=\"600\" href=\"https:\/\/www.freundeskreis-lgs2024.de\/wp-content\/uploads\/photo-gallery\/imported_from_media_libray\/Feldkirchen3-scaled.jpg?bwg=1712826806\" data-elementor-open-lightbox=\"no\">                <div class=\"bwg-item0 \">          <div class=\"bwg-item1 bwg-zoom-effect\">            <div class=\"bwg-item2\">              <img decoding=\"async\" class=\"skip-lazy bwg_standart_thumb_img_0 \"                   data-id=\"600\"                   data-width=\"375.00\"                   data-height=\"500.00\"                   data-src=\"https:\/\/www.freundeskreis-lgs2024.de\/wp-content\/uploads\/photo-gallery\/imported_from_media_libray\/thumb\/Feldkirchen3-scaled.jpg?bwg=1712826806\"                   src=\"https:\/\/www.freundeskreis-lgs2024.de\/wp-content\/uploads\/photo-gallery\/imported_from_media_libray\/thumb\/Feldkirchen3-scaled.jpg?bwg=1712826806\"                   alt=\"Feldkirchen3\"                   title=\"Feldkirchen3\" \/>            <\/div>            <div class=\"bwg-zoom-effect-overlay\">              <div class=\"bwg-title1\"><div class=\"bwg-title2\">Feldkirchen3<\/div><\/div>                                        <\/div>          <\/div>        <\/div>                        <\/a>              <\/div>          <\/div>          <span class=\"bwg_nav_cont_0\">              <div class=\"tablenav-pages_0\">                  <\/div>                <input type=\"hidden\" id=\"page_number_0\" name=\"page_number_0\" value=\"1\" \/>      <script type=\"text\/javascript\">        if( jQuery('.bwg_nav_cont_0').length > 1 ) {          jQuery('.bwg_nav_cont_0').first().remove()        }        function spider_page_0(cur, x, y, load_more) {          if (typeof load_more == \"undefined\") {            var load_more = false;          }          if (jQuery(cur).hasClass('disabled')) {            return false;          }          var items_county_0 = 1;          switch (y) {            case 1:              if (x >= items_county_0) {                document.getElementById('page_number_0').value = items_county_0;              }              else {                document.getElementById('page_number_0').value = x + 1;              }              break;            case 2:              document.getElementById('page_number_0').value = items_county_0;              break;            case -1:              if (x == 1) {                document.getElementById('page_number_0').value = 1;              }              else {                document.getElementById('page_number_0').value = x - 1;              }              break;            case -2:              document.getElementById('page_number_0').value = 1;              break;\t\t\t\t\t\tcase 0:              document.getElementById('page_number_0').value = x;              break;            default:              document.getElementById('page_number_0').value = 1;          }          bwg_ajax('gal_front_form_0', '0', 'bwg_thumbnails_0', '0', '', 'gallery', 0, '', '', load_more, '', 1);        }                    jQuery('.first-page-0').on('click', function () {              spider_page_0(this, 1, -2, 'numeric');              return false;            });            jQuery('.prev-page-0').on('click', function () {              spider_page_0(this, 1, -1, 'numeric');              return false;            });            jQuery('.next-page-0').on('click', function () {              spider_page_0(this, 1, 1, 'numeric');              return false;            });            jQuery('.last-page-0').on('click', function () {              spider_page_0(this, 1, 2, 'numeric');              return false;            });        \t\t\t\t\/* Change page on input enter. *\/        function bwg_change_page_0( e, that ) {          if (  e.key == 'Enter' ) {            var to_page = parseInt(jQuery(that).val());            var pages_count = jQuery(that).parents(\".pagination-links\").data(\"pages-count\");            var current_url_param = jQuery(that).attr('data-url-info');            if (to_page > pages_count) {              to_page = 1;            }\t \t\t\t\t\t\t\t\t\t\t\t\tspider_page_0(this, to_page, 0, 'numeric');\t\t\t\t\t\t\treturn false;\t\t\t\t\t\t          }          return true;        }        jQuery('.bwg_load_btn_0').on('click', function () {            spider_page_0(this, 1, 1, true);            return false;        });      <\/script>      <\/span>                <\/div>        <\/form>                <div id=\"bwg_spider_popup_loading_0\" class=\"bwg_spider_popup_loading\"><\/div>        <div id=\"spider_popup_overlay_0\" class=\"spider_popup_overlay\" onclick=\"spider_destroypopup(1000)\"><\/div>        <input type=\"hidden\" id=\"bwg_random_seed_0\" value=\"1207168342\">                <\/div>    <\/div>    <script>      if (document.readyState === 'complete') {        if( typeof bwg_main_ready == 'function' ) {          if ( jQuery(\"#bwg_container1_0\").height() ) {            bwg_main_ready(jQuery(\"#bwg_container1_0\"));          }        }      } else {        document.addEventListener('DOMContentLoaded', function() {          if( typeof bwg_main_ready == 'function' ) {            if ( jQuery(\"#bwg_container1_0\").height() ) {             bwg_main_ready(jQuery(\"#bwg_container1_0\"));            }          }        });      }    <\/script>    \n","protected":false},"excerpt":{"rendered":"<p>Zusammen.Wachsen. jetzt auch im Landkreis M\u00fcnchenAktion des Freundeskreises Landesgartenschau Kirchheim Blumen f\u00fcr den Landkreis M\u00fcnchen \u2013 im ganzen Landkreis werben Pflanztr\u00f6ge f\u00fcr die Landesgartenschau Diese Woche wurden sie ausgeliefert, die Pflanztr\u00f6ge, die die kommenden Monate vor Ort in den Kommunen des Landkreises f\u00fcr die Landesgartenschau Kirchheim vor den Rath\u00e4usern oder an gut sichtbarer Stelle werben&#8230;<\/p>\n","protected":false},"author":3,"featured_media":2438,"parent":0,"menu_order":0,"comment_status":"closed","ping_status":"closed","template":"","meta":{"footnotes":""},"class_list":["post-2434","page","type-page","status-publish","has-post-thumbnail","hentry"],"_links":{"self":[{"href":"https:\/\/www.freundeskreis-lgs2024.de\/index.php\/wp-json\/wp\/v2\/pages\/2434","targetHints":{"allow":["GET"]}}],"collection":[{"href":"https:\/\/www.freundeskreis-lgs2024.de\/index.php\/wp-json\/wp\/v2\/pages"}],"about":[{"href":"https:\/\/www.freundeskreis-lgs2024.de\/index.php\/wp-json\/wp\/v2\/types\/page"}],"author":[{"embeddable":true,"href":"https:\/\/www.freundeskreis-lgs2024.de\/index.php\/wp-json\/wp\/v2\/users\/3"}],"replies":[{"embeddable":true,"href":"https:\/\/www.freundeskreis-lgs2024.de\/index.php\/wp-json\/wp\/v2\/comments?post=2434"}],"version-history":[{"count":10,"href":"https:\/\/www.freundeskreis-lgs2024.de\/index.php\/wp-json\/wp\/v2\/pages\/2434\/revisions"}],"predecessor-version":[{"id":2465,"href":"https:\/\/www.freundeskreis-lgs2024.de\/index.php\/wp-json\/wp\/v2\/pages\/2434\/revisions\/2465"}],"wp:featuredmedia":[{"embeddable":true,"href":"https:\/\/www.freundeskreis-lgs2024.de\/index.php\/wp-json\/wp\/v2\/media\/2438"}],"wp:attachment":[{"href":"https:\/\/www.freundeskreis-lgs2024.de\/index.php\/wp-json\/wp\/v2\/media?parent=2434"}],"curies":[{"name":"wp","href":"https:\/\/api.w.org\/{rel}","templated":true}]}}