{"id":423,"date":"2021-11-28T18:36:05","date_gmt":"2021-11-28T17:36:05","guid":{"rendered":"https:\/\/www.freundeskreis-lgs2024.de\/?page_id=423"},"modified":"2024-04-16T15:20:08","modified_gmt":"2024-04-16T13:20:08","slug":"unsere-unterstuetzer","status":"publish","type":"page","link":"https:\/\/www.freundeskreis-lgs2024.de\/index.php\/unsere-unterstuetzer\/","title":{"rendered":"Unsere Unterst\u00fctzer"},"content":{"rendered":"<style type=\"text\/css\"> \n#cmsmasters_row_69de2bba52d5a9_51407718 .cmsmasters_row_outer_parent { \n\tpadding-top: 0px; \n} \n\n#cmsmasters_row_69de2bba52d5a9_51407718 .cmsmasters_row_outer_parent { \n\tpadding-bottom: 50px; \n} \n\n<\/style><div id=\"cmsmasters_row_69de2bba528c79_36901155\" class=\"cmsmasters_row cmsmasters_color_scheme_default cmsmasters_row_top_default cmsmasters_row_bot_default cmsmasters_row_boxed\">\n<div class=\"cmsmasters_row_outer_parent\">\n<div class=\"cmsmasters_row_outer\">\n<div class=\"cmsmasters_row_inner\">\n<div class=\"cmsmasters_row_margin\">\n<div class=\"cmsmasters_column one_first\">\n<div class=\"cmsmasters_text\">\n<p>&nbsp;<\/p>\n<\/div>\n<\/div>\n<\/div>\n<\/div>\n<\/div>\n<\/div>\n<\/div>\n<div id=\"cmsmasters_row_69de2bba52af85_32236056\" class=\"cmsmasters_row cmsmasters_color_scheme_default cmsmasters_row_top_default cmsmasters_row_bot_default cmsmasters_row_boxed\">\n<div class=\"cmsmasters_row_outer_parent\">\n<div class=\"cmsmasters_row_outer\">\n<div class=\"cmsmasters_row_inner\">\n<div class=\"cmsmasters_row_margin\">\n<div class=\"cmsmasters_column one_first\">\n<div class=\"cmsmasters_text\">\n<p>&nbsp;<\/p>\n<p><strong>Herzlichen Dank an unsere Unterst\u00fctzer!<\/strong><\/p>\n<p>Wir sind sehr froh und dankbar, dass wir von vielen Profis unterst\u00fctzt werden.<br \/>\nMit kreativen Ideen, speziellen Kenntnissen, wertvollen Ratschl\u00e4gen \u2013 und das alles kostenfrei oder zu sehr fairen Konditionen.<\/p>\n<p><strong>Danke an unsere Unterst\u00fctzer-Freunde, die engagiert mithelfen, unsere Arbeit sichtbar zu machen.<\/strong><\/p>\n<p><a href=\"https:\/\/gaertnerei-boeck.de\/\" target=\"_blank\" rel=\"noopener\"><strong>G\u00e4rtnerei B\u00f6ck GmbH &amp; Co. KG<\/strong><\/a><br \/>\nDie G\u00e4rtnerei B\u00f6ck hat uns die <a href=\"https:\/\/www.freundeskreis-lgs2024.de\/index.php\/bekleidung-des-freundeskreises\/\" target=\"_blank\" rel=\"noopener\">Bekleidung<\/a> gesponsert: Polo-Shirts und Jacken<\/p>\n<p><a href=\"https:\/\/www.julsenjesper.com\/\" target=\"_blank\" rel=\"noopener\"><strong>Julius Cammerer \u2013 Creator<\/strong><\/a><br \/>\nJulius konzipiert und gestaltet f\u00fcr uns Flyer und andere Kommunikationsmittel.<\/p>\n<p><a href=\"https:\/\/www.dieplakatmacherin.de\/\" target=\"_blank\" rel=\"noopener\"><strong>Stefanie Dittmer \u2013 Malerei &amp; Grafik Design<\/strong><\/a><strong><br \/>\n<\/strong>Stefanie hat f\u00fcr uns das wundersch\u00f6ne Logo entwickelt.<\/p>\n<p><a href=\"https:\/\/muea.de\/\" target=\"_blank\" rel=\"noopener\"><strong>Andreas Heimbach \u2013 Webdesign &amp; more<\/strong><\/a><br \/>\nAndi ist der Chef der New Media Agentur muea und k\u00fcmmert sich um die Gestaltung und die Erweiterung unserer Webseite.<\/p>\n<p><a href=\"https:\/\/www.jaennert.com\/\" target=\"_blank\" rel=\"noopener\"><strong>J\u00e4nnert Planen und Fahrzeugbau GmbH<\/strong><\/a><br \/>\nDie Rolltorplane f\u00fcr den Eingangsbereich unseres Pavillons wurde von der Firma J\u00e4nnert gestiftet.<\/p>\n<p><a href=\"https:\/\/www.olafhoyer.de\/\" target=\"_blank\" rel=\"noopener\"><strong>Olaf Hoyer GmbH<\/strong><\/a><br \/>\nF\u00fcr die Krinner Schraubfundamente, auf denen unser Pavillon steht, haben wir einen gro\u00dfen Rabatt erhalten.<\/p>\n<p><a href=\"https:\/\/www.may-landschaftsbau.de\/de\" target=\"_blank\" rel=\"noopener\"><strong>May Landschaftsbau GmbH &amp; Co. KG<\/strong><\/a><br \/>\nVon der Firma May haben wir die Pflanzen f\u00fcr unseren Streifen auf dem Sonnentreff erhalten.<\/p>\n<p><a href=\"https:\/\/meva.net\/de-de\/\" target=\"_blank\" rel=\"noopener\"><strong>MEVA Schalungssysteme GmbH<\/strong><\/a><br \/>\nF\u00fcr die Dachkonstruktion unseres Pavillons erhielten wir von der Firma MEVA Schalungssysteme eine gro\u00dfz\u00fcgige Spende.<\/p>\n<p><a href=\"https:\/\/www.roggemann.de\/\" target=\"_blank\" rel=\"noopener\"><strong>Enno Roggemann GmbH &amp; Co. KG<\/strong><\/a><br \/>\nF\u00fcr das Holz f\u00fcr den Bau des Pavillons mussten wir nur ca. \u00bc des Originalpreises bezahlen.<\/p>\n<p><a href=\"https:\/\/sentivini.de\/\" target=\"_blank\" rel=\"noopener\"><strong>Senti Vini Weinhandels GmbH<\/strong><\/a><br \/>\nVom Verkauf des Landesgartenschau-Weins erh\u00e4lt der Freundeskreis einen Euro pro verkaufter Flasche.<\/p>\n<p><a href=\"https:\/\/www.sift-elektroanlagen.de\/\" target=\"_blank\" rel=\"noopener\"><strong>Sift Elektroanlagen in Kirchheim<\/strong><\/a><br \/>\nDie Firma Sift Elektroanlagen hat die Elektroinstallation in unserem Pavillon gro\u00dfenteils \u00fcbernommen.<\/p>\n<p><a href=\"https:\/\/www.facebook.com\/Claudia-Topel-Photography-106205514088975\/\" target=\"_blank\" rel=\"noopener\"><strong>Claudia Topel \u2013 Photographie\u00a0<\/strong><\/a><br \/>\nClaudia ist eine Spitzen-Fotografin, die uns starke Landschaftsbilder f\u00fcr unsere Kommunikationsmittel zur Verf\u00fcgung stellt.<\/p>\n<p><a href=\"https:\/\/kirchheimtv.info\/\" target=\"_blank\" rel=\"noopener\"><strong>Franz Gruber Kirchheim-TV<\/strong><\/a><br \/>\nFranz ist verantwortlich f\u00fcr alle Videos, die auf der Homepage des Freundeskreises und im Pavillon zu sehen sind.<\/p>\n<p><a href=\"https:\/\/www.metalltechnik-winkler.de\/\" target=\"_blank\" rel=\"noopener\"><strong>Metallbau Oliver Winkler<\/strong><\/a><br \/>\nMachte die notwendigen Schwei\u00dfarbeiten der Beschattungsanlage<\/p>\n<p><a href=\"http:\/\/www.holzdesign-huber.de\/\" target=\"_blank\" rel=\"noopener\"><strong>HolzDesign Huber<\/strong><\/a><br \/>\nLieferte anspruchsvolle Dekorzuschnitte<\/p>\n<p><a href=\"https:\/\/www.alleslexa.de\/\" target=\"_blank\" rel=\"noopener\"><strong>AllesLexa GbR<\/strong><\/a><br \/>\nStiftete die Innenvorh\u00e4nge<\/p>\n<p>&nbsp;<\/p>\n<p><img loading=\"lazy\" decoding=\"async\" class=\"alignnone size-medium wp-image-165\" src=\"https:\/\/www.freundeskreis-lgs2024.de\/wp-content\/uploads\/2021\/09\/Logo-FK-LaGA-2024-300x157.png\" alt=\"\" width=\"300\" height=\"157\" srcset=\"https:\/\/www.freundeskreis-lgs2024.de\/wp-content\/uploads\/2021\/09\/Logo-FK-LaGA-2024-300x157.png 300w, https:\/\/www.freundeskreis-lgs2024.de\/wp-content\/uploads\/2021\/09\/Logo-FK-LaGA-2024-768x401.png 768w, https:\/\/www.freundeskreis-lgs2024.de\/wp-content\/uploads\/2021\/09\/Logo-FK-LaGA-2024-580x303.png 580w, https:\/\/www.freundeskreis-lgs2024.de\/wp-content\/uploads\/2021\/09\/Logo-FK-LaGA-2024-860x449.png 860w, https:\/\/www.freundeskreis-lgs2024.de\/wp-content\/uploads\/2021\/09\/Logo-FK-LaGA-2024.png 1024w\" sizes=\"auto, (max-width: 300px) 100vw, 300px\" \/><\/p>\n<\/div>\n<\/div>\n<\/div>\n<\/div>\n<\/div>\n<\/div>\n<\/div>\n<div id=\"cmsmasters_row_69de2bba52cf89_15819476\" class=\"cmsmasters_row cmsmasters_color_scheme_default cmsmasters_row_top_default cmsmasters_row_bot_default cmsmasters_row_boxed\">\n<div class=\"cmsmasters_row_outer_parent\">\n<div class=\"cmsmasters_row_outer\">\n<div class=\"cmsmasters_row_inner\">\n<div class=\"cmsmasters_row_margin\">\n<div class=\"cmsmasters_column one_first\">\n<div class=\"cmsmasters_text\">\n<p>&nbsp;<\/p>\n<\/div>\n<\/div>\n<\/div>\n<\/div>\n<\/div>\n<\/div>\n<\/div>\n<div id=\"cmsmasters_row_69de2bba52d5a9_51407718\" class=\"cmsmasters_row cmsmasters_color_scheme_default cmsmasters_row_top_default cmsmasters_row_bot_default cmsmasters_row_boxed\">\n<div class=\"cmsmasters_row_outer_parent\">\n<div class=\"cmsmasters_row_outer\">\n<div class=\"cmsmasters_row_inner\">\n<div class=\"cmsmasters_row_margin\">\n<div class=\"cmsmasters_column one_first\">\n<div class=\"custom_js\">\n<script type=\"text\/javascript\">\njQuery(document).ready(function(){\n    jQuery(\".cmsmasters_profile_title a\").each(function(){\n            jQuery(this).removeAttr(\"href\");\n    });\n});<\/script>\n<\/div>\n<\/div>\n<\/div>\n<\/div>\n<\/div>\n<\/div>\n<\/div>\n\n","protected":false},"excerpt":{"rendered":"","protected":false},"author":10,"featured_media":165,"parent":0,"menu_order":0,"comment_status":"closed","ping_status":"closed","template":"","meta":{"footnotes":""},"class_list":["post-423","page","type-page","status-publish","has-post-thumbnail","hentry"],"_links":{"self":[{"href":"https:\/\/www.freundeskreis-lgs2024.de\/index.php\/wp-json\/wp\/v2\/pages\/423","targetHints":{"allow":["GET"]}}],"collection":[{"href":"https:\/\/www.freundeskreis-lgs2024.de\/index.php\/wp-json\/wp\/v2\/pages"}],"about":[{"href":"https:\/\/www.freundeskreis-lgs2024.de\/index.php\/wp-json\/wp\/v2\/types\/page"}],"author":[{"embeddable":true,"href":"https:\/\/www.freundeskreis-lgs2024.de\/index.php\/wp-json\/wp\/v2\/users\/10"}],"replies":[{"embeddable":true,"href":"https:\/\/www.freundeskreis-lgs2024.de\/index.php\/wp-json\/wp\/v2\/comments?post=423"}],"version-history":[{"count":47,"href":"https:\/\/www.freundeskreis-lgs2024.de\/index.php\/wp-json\/wp\/v2\/pages\/423\/revisions"}],"predecessor-version":[{"id":2469,"href":"https:\/\/www.freundeskreis-lgs2024.de\/index.php\/wp-json\/wp\/v2\/pages\/423\/revisions\/2469"}],"wp:featuredmedia":[{"embeddable":true,"href":"https:\/\/www.freundeskreis-lgs2024.de\/index.php\/wp-json\/wp\/v2\/media\/165"}],"wp:attachment":[{"href":"https:\/\/www.freundeskreis-lgs2024.de\/index.php\/wp-json\/wp\/v2\/media?parent=423"}],"curies":[{"name":"wp","href":"https:\/\/api.w.org\/{rel}","templated":true}]}}