{"id":96,"date":"2021-06-18T09:24:26","date_gmt":"2021-06-18T07:19:05","guid":{"rendered":"https:\/\/www.freundeskreis-lgs2024.de\/?page_id=96"},"modified":"2023-07-11T08:25:18","modified_gmt":"2023-07-11T06:25:18","slug":"der-freundeskreis-der-landesgartenschau-2024","status":"publish","type":"page","link":"https:\/\/www.freundeskreis-lgs2024.de\/index.php\/der-freundeskreis-der-landesgartenschau-2024\/","title":{"rendered":"Der Freundeskreis der Landesgartenschau 2024"},"content":{"rendered":"<style type=\"text\/css\"><\/style>\n<p>2024 findet die Bayerische Landesgartenschau in Kirchheim bei M\u00fcnchen statt. Das Motto \u201eZusammen. Wachsen\u201c stellt klar: hier geht es nicht um eine g\u00e4rtnerische Leistungsshow, hier geht es um das Zusammenwachsen der beiden Gemeindeteile Kirchheim und Heimstetten. Das verbindende Element ist der Ortspark mit Rathaus. B\u00fcrgersaal und See. Die Daueranlagen der Landesgartenschau werden im Wesentlichen zu diesem Ortspark.<\/p>\n\n\n\n<p>Das seit Jahrzehnten ersehnte Zusammenwachsen der Gemeinde Kirchheim bei M\u00fcnchen kann sich nicht nur auf den Ortspark beschr\u00e4nken. Es muss in den gesamten Ort \u00fcbergreifen. Der Ortspark darf auch nicht nur auf die Landesgartenschau beschr\u00e4nkt sein \u2013 es muss der Park f\u00fcr die Kirchheimerinnen und Kirchheimer werden.<\/p>\n\n\n\n<p>Der <strong>Freundeskreis der Landesgartenschau Kirchheim e.V.<\/strong> will die Landesgartenschau in den ganzen Ort bringen und die Gemeindeteile vernetzen.<\/p>\n\n\n\n<p>Kultur, Jugendbeteiligung, Ortsversch\u00f6nerung und Klimabilanz \u2013 das ist nur eine kleine Auswahl der vielf\u00e4ltigen Themen, denen sich der Freundeskreis Landesgartenschau Kirchheim unter dem Motto \u201eWir.Wachsen.Zusammen\u201c widmet.<\/p>\n\n\n\n<p>Am 26. Juli 2021 wurde der neue Verein in Kirchheim gegr\u00fcndet. Zu den 13 Gr\u00fcndungsmitgliedern geh\u00f6rten u.a. die stellvertretende Landr\u00e4tin Annette Gansm\u00fcller-Maluche und der zweite B\u00fcrgermeister von Kirchheim Stephan Keck. Seit dem 11. August 2021 ist er ein eingetragener Verein, am 19.8.2021 wurde ihm die Gemeinn\u00fctzigkeit erteilt.<\/p>\n\n\n\n<h2 class=\"wp-block-heading\">Unser Vorstand<\/h2>\n\n\n\n<div class=\"wp-block-columns is-layout-flex wp-container-core-columns-is-layout-9d6595d7 wp-block-columns-is-layout-flex\">\n<div class=\"wp-block-column is-layout-flow wp-block-column-is-layout-flow\">\n<h3 class=\"wp-block-heading has-text-align-center\">J\u00fcrgen Brecht<\/h3>\n\n\n\n<h6 class=\"cmsmasters_profile_subtitle\" style=\"text-align: center;\">Vorsitzender<\/h6>\n<\/div>\n\n\n\n<div class=\"wp-block-column is-layout-flow wp-block-column-is-layout-flow\">\n<h3 class=\"wp-block-heading has-text-align-center\">Lotte Herfurtner<\/h3>\n\n\n\n<h6 class=\"cmsmasters_profile_subtitle\" style=\"text-align: center;\">Stellvertretende Vorsitzende<\/h6>\n<\/div>\n\n\n\n<div class=\"wp-block-column is-layout-flow wp-block-column-is-layout-flow\">\n<h3 class=\"wp-block-heading has-text-align-center\">Bernd Altmann<\/h3>\n\n\n\n<h6 class=\"cmsmasters_profile_subtitle\" style=\"text-align: center;\">Schatzmeister<\/h6>\n<\/div>\n<\/div>\n\n\n\n<div class=\"wp-block-buttons is-content-justification-center is-layout-flex wp-container-core-buttons-is-layout-16018d1d wp-block-buttons-is-layout-flex\">\n<div class=\"wp-block-button\"><a class=\"wp-block-button__link has-text-align-center wp-element-button\" href=\"https:\/\/www.freundeskreis-lgs2024.de\/wp-content\/uploads\/2023\/07\/Satzung-2023-07-05-1.pdf\" target=\"_blank\" rel=\"noreferrer noopener\">Satzung<\/a><\/div>\n<\/div>\n\n\n\n<p>   <br>   <\/p>\n","protected":false},"excerpt":{"rendered":"<p>2024 findet die Bayerische Landesgartenschau in Kirchheim bei M\u00fcnchen statt. Das Motto \u201eZusammen. Wachsen\u201c stellt klar: hier geht es nicht um eine g\u00e4rtnerische Leistungsshow, hier geht es um das Zusammenwachsen der beiden Gemeindeteile Kirchheim und Heimstetten. Das verbindende Element ist der Ortspark mit Rathaus. B\u00fcrgersaal und See. Die Daueranlagen der Landesgartenschau werden im Wesentlichen zu&#8230;<\/p>\n","protected":false},"author":6,"featured_media":0,"parent":0,"menu_order":0,"comment_status":"closed","ping_status":"closed","template":"","meta":{"footnotes":""},"class_list":["post-96","page","type-page","status-publish","hentry"],"_links":{"self":[{"href":"https:\/\/www.freundeskreis-lgs2024.de\/index.php\/wp-json\/wp\/v2\/pages\/96","targetHints":{"allow":["GET"]}}],"collection":[{"href":"https:\/\/www.freundeskreis-lgs2024.de\/index.php\/wp-json\/wp\/v2\/pages"}],"about":[{"href":"https:\/\/www.freundeskreis-lgs2024.de\/index.php\/wp-json\/wp\/v2\/types\/page"}],"author":[{"embeddable":true,"href":"https:\/\/www.freundeskreis-lgs2024.de\/index.php\/wp-json\/wp\/v2\/users\/6"}],"replies":[{"embeddable":true,"href":"https:\/\/www.freundeskreis-lgs2024.de\/index.php\/wp-json\/wp\/v2\/comments?post=96"}],"version-history":[{"count":19,"href":"https:\/\/www.freundeskreis-lgs2024.de\/index.php\/wp-json\/wp\/v2\/pages\/96\/revisions"}],"predecessor-version":[{"id":1776,"href":"https:\/\/www.freundeskreis-lgs2024.de\/index.php\/wp-json\/wp\/v2\/pages\/96\/revisions\/1776"}],"wp:attachment":[{"href":"https:\/\/www.freundeskreis-lgs2024.de\/index.php\/wp-json\/wp\/v2\/media?parent=96"}],"curies":[{"name":"wp","href":"https:\/\/api.w.org\/{rel}","templated":true}]}}